{"id":2,"date":"2022-02-14T18:59:35","date_gmt":"2022-02-14T18:59:35","guid":{"rendered":"http:\/\/familie-schwaar.ch\/?page_id=2"},"modified":"2023-02-06T16:36:49","modified_gmt":"2023-02-06T16:36:49","slug":"sample-page","status":"publish","type":"page","link":"https:\/\/familie-schwaar.ch\/","title":{"rendered":"Startseite"},"content":{"rendered":"\n<figure class=\"wp-block-image alignfull size-large\"><img loading=\"lazy\" decoding=\"async\" width=\"1024\" height=\"683\" src=\"https:\/\/familie-schwaar.ch\/wp-content\/uploads\/2023\/02\/WhatsApp-Image-2021-11-16-at-08.41.20-1-1024x683.jpeg\" alt=\"\" class=\"wp-image-193\" srcset=\"https:\/\/familie-schwaar.ch\/wp-content\/uploads\/2023\/02\/WhatsApp-Image-2021-11-16-at-08.41.20-1-1024x683.jpeg 1024w, https:\/\/familie-schwaar.ch\/wp-content\/uploads\/2023\/02\/WhatsApp-Image-2021-11-16-at-08.41.20-1-300x200.jpeg 300w, https:\/\/familie-schwaar.ch\/wp-content\/uploads\/2023\/02\/WhatsApp-Image-2021-11-16-at-08.41.20-1-768x512.jpeg 768w, https:\/\/familie-schwaar.ch\/wp-content\/uploads\/2023\/02\/WhatsApp-Image-2021-11-16-at-08.41.20-1-1536x1024.jpeg 1536w, https:\/\/familie-schwaar.ch\/wp-content\/uploads\/2023\/02\/WhatsApp-Image-2021-11-16-at-08.41.20-1.jpeg 2048w\" sizes=\"auto, (max-width: 1024px) 100vw, 1024px\" \/><\/figure>\n\n\n<div class=\"map_wrapper\" id=\"map_wrapper_60\">\n<div class=\"map_box\" style=\"max-width:2000px\">\n<div class=\"map_aspect_ratio\" style=\"padding-top:56%\" data-padding-top=\"56%\" data-padding-top-mobile=\"\">\n<div class=\"map_container\">\n<div class=\"map_render map_loading\" id=\"map_60\"><\/div>\n<\/div>\n<\/div>\n<\/div>\n<\/div>\n\n\n\n<h2 class=\"wp-block-heading\">\u00dcsi aktuelle Bitr\u00e4g<\/h2>\n\n\n\n<div class=\"wp-block-group\"><div class=\"wp-block-group__inner-container is-layout-flow wp-block-group-is-layout-flow\"><ul class=\"wp-block-latest-posts__list is-grid columns-3 has-dates aligncenter wp-block-latest-posts\"><\/ul><\/div><\/div>\n\n\n\n<div class=\"wp-block-columns is-layout-flex wp-container-core-columns-is-layout-9d6595d7 wp-block-columns-is-layout-flex\">\n<div class=\"wp-block-column is-vertically-aligned-center is-layout-flow wp-block-column-is-layout-flow\">\n<div class=\"wp-block-columns is-layout-flex wp-container-core-columns-is-layout-9d6595d7 wp-block-columns-is-layout-flex\">\n<div class=\"wp-block-column is-layout-flow wp-block-column-is-layout-flow\"><div class=\"wp-block-image is-style-rounded\">\n<figure class=\"aligncenter size-large\"><img loading=\"lazy\" decoding=\"async\" width=\"1024\" height=\"1024\" src=\"https:\/\/familie-schwaar.ch\/wp-content\/uploads\/2022\/08\/298344526_10228464501347388_7744910049615531869_n-1024x1024.jpg\" alt=\"\" class=\"wp-image-106\" srcset=\"https:\/\/familie-schwaar.ch\/wp-content\/uploads\/2022\/08\/298344526_10228464501347388_7744910049615531869_n-1024x1024.jpg 1024w, https:\/\/familie-schwaar.ch\/wp-content\/uploads\/2022\/08\/298344526_10228464501347388_7744910049615531869_n-300x300.jpg 300w, https:\/\/familie-schwaar.ch\/wp-content\/uploads\/2022\/08\/298344526_10228464501347388_7744910049615531869_n-150x150.jpg 150w, https:\/\/familie-schwaar.ch\/wp-content\/uploads\/2022\/08\/298344526_10228464501347388_7744910049615531869_n-768x767.jpg 768w, https:\/\/familie-schwaar.ch\/wp-content\/uploads\/2022\/08\/298344526_10228464501347388_7744910049615531869_n.jpg 1281w\" sizes=\"auto, (max-width: 1024px) 100vw, 1024px\" \/><\/figure>\n<\/div>\n\n\n<p><strong>Valentin (30i) &amp; Steffi (30i)<\/strong><br>Mir wage das Abent\u00fc\u00fcr u reise mit \u00fcsem Outo und Wohnwage w\u00e4hrend knapp 3 M\u00f6net quer d\u00fcr Europa. Mir si sehr gspannt uf aues womer w\u00e4rde erl\u00e4be u vorauem wie mir die Zyt aus Familie w\u00e4rde meischtere. <\/p>\n<\/div>\n\n\n\n<div class=\"wp-block-column is-layout-flow wp-block-column-is-layout-flow\"><div class=\"wp-block-image is-style-rounded\">\n<figure class=\"aligncenter size-full\"><img loading=\"lazy\" decoding=\"async\" width=\"767\" height=\"767\" src=\"https:\/\/familie-schwaar.ch\/wp-content\/uploads\/2022\/10\/5972dfa0-9f9a-4a55-9a32-bd691b222097.jpg\" alt=\"\" class=\"wp-image-109\" srcset=\"https:\/\/familie-schwaar.ch\/wp-content\/uploads\/2022\/10\/5972dfa0-9f9a-4a55-9a32-bd691b222097.jpg 767w, https:\/\/familie-schwaar.ch\/wp-content\/uploads\/2022\/10\/5972dfa0-9f9a-4a55-9a32-bd691b222097-300x300.jpg 300w, https:\/\/familie-schwaar.ch\/wp-content\/uploads\/2022\/10\/5972dfa0-9f9a-4a55-9a32-bd691b222097-150x150.jpg 150w\" sizes=\"auto, (max-width: 767px) 100vw, 767px\" \/><\/figure>\n<\/div>\n\n\n<p><strong>Larina (5i) &amp; Alessia (3.5)<\/strong><br>Bevor ig (Larina) i Chindergarte chume, hei \u00fcsi Eutere beschlosse no \u00e4 l\u00e4ngeri Reis mit \u00fcs z mache. Mir fr\u00f6ie \u00fcs sehr uf das Abent\u00fc\u00fcr u si mega gspannt, was mr aues d\u00f6rfe gseh u erl\u00e4be.<\/p>\n<\/div>\n<\/div>\n<\/div>\n<\/div>\n","protected":false},"excerpt":{"rendered":"<p>\u00dcsi aktuelle Bitr\u00e4g Valentin (30i) &amp; Steffi (30i)Mir wage das Abent\u00fc\u00fcr u reise mit \u00fcsem Outo und Wohnwage w\u00e4hrend knapp 3 M\u00f6net quer d\u00fcr Europa. Mir si sehr gspannt uf aues womer w\u00e4rde erl\u00e4be u vorauem wie mir die Zyt aus Familie w\u00e4rde meischtere. Larina (5i) &amp; Alessia (3.5)Bevor ig (Larina) i Chindergarte chume, hei [&hellip;]<\/p>\n","protected":false},"author":1,"featured_media":0,"parent":0,"menu_order":0,"comment_status":"closed","ping_status":"open","template":"","meta":{"footnotes":""},"class_list":["post-2","page","type-page","status-publish","hentry"],"_links":{"self":[{"href":"https:\/\/familie-schwaar.ch\/index.php?rest_route=\/wp\/v2\/pages\/2","targetHints":{"allow":["GET"]}}],"collection":[{"href":"https:\/\/familie-schwaar.ch\/index.php?rest_route=\/wp\/v2\/pages"}],"about":[{"href":"https:\/\/familie-schwaar.ch\/index.php?rest_route=\/wp\/v2\/types\/page"}],"author":[{"embeddable":true,"href":"https:\/\/familie-schwaar.ch\/index.php?rest_route=\/wp\/v2\/users\/1"}],"replies":[{"embeddable":true,"href":"https:\/\/familie-schwaar.ch\/index.php?rest_route=%2Fwp%2Fv2%2Fcomments&post=2"}],"version-history":[{"count":47,"href":"https:\/\/familie-schwaar.ch\/index.php?rest_route=\/wp\/v2\/pages\/2\/revisions"}],"predecessor-version":[{"id":194,"href":"https:\/\/familie-schwaar.ch\/index.php?rest_route=\/wp\/v2\/pages\/2\/revisions\/194"}],"wp:attachment":[{"href":"https:\/\/familie-schwaar.ch\/index.php?rest_route=%2Fwp%2Fv2%2Fmedia&parent=2"}],"curies":[{"name":"wp","href":"https:\/\/api.w.org\/{rel}","templated":true}]}}